{"id":23,"date":"2024-12-14T13:27:15","date_gmt":"2024-12-14T13:27:15","guid":{"rendered":"https:\/\/bovril.gob.ar\/hcd\/?page_id=23"},"modified":"2024-12-17T17:11:05","modified_gmt":"2024-12-17T17:11:05","slug":"comisiones","status":"publish","type":"page","link":"https:\/\/bovril.gob.ar\/hcd\/comisiones\/","title":{"rendered":"Comisiones"},"content":{"rendered":"\t\t<div data-elementor-type=\"wp-page\" data-elementor-id=\"23\" class=\"elementor elementor-23\">\n\t\t\t\t<div class=\"elementor-element elementor-element-16a02c0 e-flex e-con-boxed e-con e-parent\" data-id=\"16a02c0\" data-element_type=\"container\">\n\t\t\t\t\t<div class=\"e-con-inner\">\n\t\t\t\t<div class=\"elementor-element elementor-element-6634ea2 elementor-widget elementor-widget-heading\" data-id=\"6634ea2\" data-element_type=\"widget\" data-widget_type=\"heading.default\">\n\t\t\t\t<div class=\"elementor-widget-container\">\n\t\t\t\t\t<h2 class=\"elementor-heading-title elementor-size-default\">Comisiones<\/h2>\t\t\t\t<\/div>\n\t\t\t\t<\/div>\n\t\t\t\t\t<\/div>\n\t\t\t\t<\/div>\n\t\t<div class=\"elementor-element elementor-element-ac7dc9a e-flex e-con-boxed e-con e-parent\" data-id=\"ac7dc9a\" data-element_type=\"container\">\n\t\t\t\t\t<div class=\"e-con-inner\">\n\t\t\t\t<div class=\"elementor-element elementor-element-62c214c elementor-widget elementor-widget-text-editor\" data-id=\"62c214c\" data-element_type=\"widget\" data-widget_type=\"text-editor.default\">\n\t\t\t\t<div class=\"elementor-widget-container\">\n\t\t\t\t\t\t\t\t\t<p style=\"text-align: left;\"><strong>OBRAS P\u00daBLICAS, VIVIENDA Y ORDENAMIENTO URBANO:<\/strong> Kuhn Ra\u00fal Gregorio &#8211; Belmonte Exequiel Zacarias &#8211; Schanton Nelson Rom\u00e1n &#8211; Gait\u00e1n Luis Ariel<\/p><p style=\"text-align: left;\"><strong>SERVICIOS P\u00daBLICOS:<\/strong> Kuhn Ra\u00fal Gregorio &#8211; Belmonte Exequiel Zacarias &#8211; Giebel Dario Alberto &#8211; Rodriguez Graciela del Carmen &#8211; Gait\u00e1n Luis Ariel<\/p><p><strong>SEGURIDAD:<\/strong> Kuhn Ra\u00fal Gregorio &#8211; Vogel Mabel Dorotea &#8211; Giebel Dario Alberto &#8211; Ojeda Juan Carlos &#8211; Gait\u00e1n Luis Ariel<\/p><p><strong>ECONOM\u00cdA, DESARROLLO INDUSTRIAL, PRODUCCI\u00d3N Y HACIENDA<\/strong>: Vernaz Isabel &#8211; Belmonte Exequiel Zacarias &#8211; Kloster Carina Melisa &#8211; Schanton Nelson Rom\u00e1n &#8211; Ojeda Juan Carlos<\/p><p><strong>SALUD P\u00daBLICA Y MEDIO AMBIENTE:<\/strong> Vernaz Isabel &#8211; Kloster Carina Melisa &#8211; Vogel Mabel Dorotea &#8211; Guibaudo Barbara Marlene &#8211; Rodriquez Graciela del Carmen<\/p><p><strong>FAMILIA, MUJER, NI\u00d1EZ, EQUIDAD DE G\u00c9NERO Y ACCI\u00d3N SOCIAL:<\/strong> Kuhn Ra\u00fal Gregorio &#8211; Kloster Carina Melisa &#8211; Vogel Mabel Dorotea &#8211; Guibaudo Barbara Marlene &#8211; Rodriguez Graciela del Carmen<\/p><p><strong>DEPORTE, CULTURA Y EDUCACI\u00d3N:<\/strong> Vernaz Isabel &#8211; Kloster Carina Melisa &#8211; Vogel Mabel Dorotea &#8211; Schanton Nelson Rom\u00e1n &#8211; Ojeda Juan Carlos<\/p><p><strong>CIENCIA, TECNOLOG\u00cdA E INNOVACI\u00d3N:<\/strong> Vernaz Isabel &#8211; Kloster Carina Melisa &#8211; Vogel Mabel Dorotea &#8211; Guibaudo Barbara Marlene &#8211; Gaitan Luis Ariel<\/p><p><strong>ASUNTOS LEGALES, CONTABLES Y\/O JUR\u00cdDICOS:<\/strong> Giebel Dario Alberto &#8211; Rodriguez Graciela del Carmen<\/p><p><strong>INTERBLOQUE:<\/strong>\u00a0<\/p>\t\t\t\t\t\t\t\t<\/div>\n\t\t\t\t<\/div>\n\t\t\t\t\t<\/div>\n\t\t\t\t<\/div>\n\t\t\t\t<\/div>\n\t\t","protected":false},"excerpt":{"rendered":"<p>Comisiones OBRAS P\u00daBLICAS, VIVIENDA Y ORDENAMIENTO URBANO: Kuhn Ra\u00fal Gregorio &#8211; Belmonte Exequiel Zacarias &#8211; Schanton Nelson Rom\u00e1n &#8211; Gait\u00e1n [&hellip;]<\/p>\n","protected":false},"author":2,"featured_media":0,"parent":0,"menu_order":0,"comment_status":"closed","ping_status":"closed","template":"","meta":{"site-sidebar-layout":"no-sidebar","site-content-layout":"","ast-site-content-layout":"full-width-container","site-content-style":"default","site-sidebar-style":"default","ast-global-header-display":"","ast-banner-title-visibility":"","ast-main-header-display":"","ast-hfb-above-header-display":"","ast-hfb-below-header-display":"","ast-hfb-mobile-header-display":"","site-post-title":"disabled","ast-breadcrumbs-content":"","ast-featured-img":"disabled","footer-sml-layout":"","theme-transparent-header-meta":"","adv-header-id-meta":"","stick-header-meta":"","header-above-stick-meta":"","header-main-stick-meta":"","header-below-stick-meta":"","astra-migrate-meta-layouts":"default","ast-page-background-enabled":"default","ast-page-background-meta":{"desktop":{"background-color":"var(--ast-global-color-4)","background-image":"","background-repeat":"repeat","background-position":"center center","background-size":"auto","background-attachment":"scroll","background-type":"","background-media":"","overlay-type":"","overlay-color":"","overlay-opacity":"","overlay-gradient":""},"tablet":{"background-color":"","background-image":"","background-repeat":"repeat","background-position":"center center","background-size":"auto","background-attachment":"scroll","background-type":"","background-media":"","overlay-type":"","overlay-color":"","overlay-opacity":"","overlay-gradient":""},"mobile":{"background-color":"","background-image":"","background-repeat":"repeat","background-position":"center center","background-size":"auto","background-attachment":"scroll","background-type":"","background-media":"","overlay-type":"","overlay-color":"","overlay-opacity":"","overlay-gradient":""}},"ast-content-background-meta":{"desktop":{"background-color":"var(--ast-global-color-5)","background-image":"","background-repeat":"repeat","background-position":"center center","background-size":"auto","background-attachment":"scroll","background-type":"","background-media":"","overlay-type":"","overlay-color":"","overlay-opacity":"","overlay-gradient":""},"tablet":{"background-color":"var(--ast-global-color-5)","background-image":"","background-repeat":"repeat","background-position":"center center","background-size":"auto","background-attachment":"scroll","background-type":"","background-media":"","overlay-type":"","overlay-color":"","overlay-opacity":"","overlay-gradient":""},"mobile":{"background-color":"var(--ast-global-color-5)","background-image":"","background-repeat":"repeat","background-position":"center center","background-size":"auto","background-attachment":"scroll","background-type":"","background-media":"","overlay-type":"","overlay-color":"","overlay-opacity":"","overlay-gradient":""}},"footnotes":""},"class_list":["post-23","page","type-page","status-publish","hentry"],"_links":{"self":[{"href":"https:\/\/bovril.gob.ar\/hcd\/wp-json\/wp\/v2\/pages\/23","targetHints":{"allow":["GET"]}}],"collection":[{"href":"https:\/\/bovril.gob.ar\/hcd\/wp-json\/wp\/v2\/pages"}],"about":[{"href":"https:\/\/bovril.gob.ar\/hcd\/wp-json\/wp\/v2\/types\/page"}],"author":[{"embeddable":true,"href":"https:\/\/bovril.gob.ar\/hcd\/wp-json\/wp\/v2\/users\/2"}],"replies":[{"embeddable":true,"href":"https:\/\/bovril.gob.ar\/hcd\/wp-json\/wp\/v2\/comments?post=23"}],"version-history":[{"count":7,"href":"https:\/\/bovril.gob.ar\/hcd\/wp-json\/wp\/v2\/pages\/23\/revisions"}],"predecessor-version":[{"id":37,"href":"https:\/\/bovril.gob.ar\/hcd\/wp-json\/wp\/v2\/pages\/23\/revisions\/37"}],"wp:attachment":[{"href":"https:\/\/bovril.gob.ar\/hcd\/wp-json\/wp\/v2\/media?parent=23"}],"curies":[{"name":"wp","href":"https:\/\/api.w.org\/{rel}","templated":true}]}}